{"id":42,"date":"2012-11-01T20:35:30","date_gmt":"2012-11-01T19:35:30","guid":{"rendered":"http:\/\/ztgs.de\/?page_id=42"},"modified":"2012-12-23T12:00:09","modified_gmt":"2012-12-23T11:00:09","slug":"home","status":"publish","type":"page","link":"http:\/\/ztgs.de\/","title":{"rendered":"Home"},"content":{"rendered":"<p><a href=\"http:\/\/ztgs.de\/wp-content\/uploads\/2012\/11\/baustelle_Sladek_011112.jpg\"><img loading=\"lazy\" decoding=\"async\" class=\"wp-image-54 aligncenter\" title=\"baustelle_Sladek_011112\" src=\"http:\/\/ztgs.de\/wp-content\/uploads\/2012\/11\/baustelle_Sladek_011112-300x250.jpg\" alt=\"\" width=\"429\" height=\"360\" \/><\/a><\/p>\n<p>Als vielf\u00e4ltiger und erfahrener Partner unterst\u00fctzen wir Sie in den Bereichen Werkzeug- und Formenbau, sowie bei der Zerspanung verschiedener Werkstoffe.<\/p>\n<p>Unser Bestreben ist es, Ihre Anspr\u00fcche mittels modernster CNC-Technik termingerecht und mit h\u00f6chster Pr\u00e4zision umzusetzen.<\/p>\n","protected":false},"excerpt":{"rendered":"<p>Als vielf\u00e4ltiger und erfahrener Partner unterst\u00fctzen wir Sie in den Bereichen Werkzeug- und Formenbau, sowie bei der Zerspanung verschiedener Werkstoffe. Unser Bestreben ist es, Ihre Anspr\u00fcche mittels modernster CNC-Technik termingerecht und mit h\u00f6chster Pr\u00e4zision umzusetzen.<\/p>\n","protected":false},"author":1,"featured_media":0,"parent":0,"menu_order":0,"comment_status":"closed","ping_status":"closed","template":"","meta":{"footnotes":""},"class_list":["post-42","page","type-page","status-publish","hentry"],"_links":{"self":[{"href":"http:\/\/ztgs.de\/index.php?rest_route=\/wp\/v2\/pages\/42","targetHints":{"allow":["GET"]}}],"collection":[{"href":"http:\/\/ztgs.de\/index.php?rest_route=\/wp\/v2\/pages"}],"about":[{"href":"http:\/\/ztgs.de\/index.php?rest_route=\/wp\/v2\/types\/page"}],"author":[{"embeddable":true,"href":"http:\/\/ztgs.de\/index.php?rest_route=\/wp\/v2\/users\/1"}],"replies":[{"embeddable":true,"href":"http:\/\/ztgs.de\/index.php?rest_route=%2Fwp%2Fv2%2Fcomments&post=42"}],"version-history":[{"count":9,"href":"http:\/\/ztgs.de\/index.php?rest_route=\/wp\/v2\/pages\/42\/revisions"}],"predecessor-version":[{"id":51,"href":"http:\/\/ztgs.de\/index.php?rest_route=\/wp\/v2\/pages\/42\/revisions\/51"}],"wp:attachment":[{"href":"http:\/\/ztgs.de\/index.php?rest_route=%2Fwp%2Fv2%2Fmedia&parent=42"}],"curies":[{"name":"wp","href":"https:\/\/api.w.org\/{rel}","templated":true}]}}